{"id":305,"date":"2025-02-10T11:30:18","date_gmt":"2025-02-10T10:30:18","guid":{"rendered":"https:\/\/cgtsdis88.fr\/?page_id=305"},"modified":"2026-03-10T18:47:28","modified_gmt":"2026-03-10T17:47:28","slug":"les-actualites","status":"publish","type":"page","link":"https:\/\/cgtsdis88.fr\/","title":{"rendered":"Les actualit\u00e9s"},"content":{"rendered":"<ul class=\"wp-block-latest-posts__list wp-block-latest-posts\"><li><a class=\"wp-block-latest-posts__post-title\" href=\"https:\/\/cgtsdis88.fr\/?p=508\">T&rsquo;as pas su? Encore une victoire au tribunal administratif!<\/a><div class=\"wp-block-latest-posts__post-full-content\"><!-- wp:file {\"id\":518,\"href\":\"https:\/\/cgtsdis88.fr\/wp-content\/uploads\/2026\/03\/2.-TA-emoji.pdf\",\"displayPreview\":true} -->\n<div class=\"wp-block-file\"><object class=\"wp-block-file__embed\" data=\"https:\/\/cgtsdis88.fr\/wp-content\/uploads\/2026\/03\/2.-TA-emoji.pdf\" type=\"application\/pdf\" style=\"width:100%;height:600px\" aria-label=\"2. TA emoji\"><\/object><a id=\"wp-block-file--media-8dddc687-a69a-4f57-9ae6-eac419db623c\" href=\"https:\/\/cgtsdis88.fr\/wp-content\/uploads\/2026\/03\/2.-TA-emoji.pdf\" target=\"_blank\" rel=\"noreferrer noopener\">2. TA emoji<\/a><a href=\"https:\/\/cgtsdis88.fr\/wp-content\/uploads\/2026\/03\/2.-TA-emoji.pdf\" class=\"wp-block-file__button wp-element-button\" download aria-describedby=\"wp-block-file--media-8dddc687-a69a-4f57-9ae6-eac419db623c\">T\u00e9l\u00e9charger<\/a><\/div>\n<!-- \/wp:file -->\n\n<!-- wp:paragraph -->\n<p><\/p>\n<!-- \/wp:paragraph --><\/div><\/li>\n<li><a class=\"wp-block-latest-posts__post-title\" href=\"https:\/\/cgtsdis88.fr\/?p=453\">R\u00e9union des bases CGT des SDIS<\/a><div class=\"wp-block-latest-posts__post-full-content\"><!-- wp:image {\"id\":459,\"sizeSlug\":\"large\",\"linkDestination\":\"none\",\"className\":\"is-style-rounded\"} -->\n<figure class=\"wp-block-image size-large is-style-rounded\"><img loading=\"lazy\" decoding=\"async\" width=\"1024\" height=\"683\" src=\"https:\/\/cgtsdis88.fr\/wp-content\/uploads\/2026\/01\/dda9a4ec-0f26-48e5-96cd-6b987f827e47-1024x683.png\" alt=\"\" class=\"wp-image-459\" srcset=\"https:\/\/cgtsdis88.fr\/wp-content\/uploads\/2026\/01\/dda9a4ec-0f26-48e5-96cd-6b987f827e47-1024x683.png 1024w, https:\/\/cgtsdis88.fr\/wp-content\/uploads\/2026\/01\/dda9a4ec-0f26-48e5-96cd-6b987f827e47-300x200.png 300w, https:\/\/cgtsdis88.fr\/wp-content\/uploads\/2026\/01\/dda9a4ec-0f26-48e5-96cd-6b987f827e47-768x512.png 768w, https:\/\/cgtsdis88.fr\/wp-content\/uploads\/2026\/01\/dda9a4ec-0f26-48e5-96cd-6b987f827e47-1200x800.png 1200w, https:\/\/cgtsdis88.fr\/wp-content\/uploads\/2026\/01\/dda9a4ec-0f26-48e5-96cd-6b987f827e47.png 1536w\" sizes=\"auto, (max-width: 1024px) 100vw, 1024px\" \/><\/figure>\n<!-- \/wp:image -->\n\n<!-- wp:paragraph -->\n<p> 2 camarades se sont rendus \u00e0 Montreuil pour la r\u00e9union nationales des bases CGT des SDIS . Pendant 2 jours, de nombreux sujets ont \u00e9t\u00e9 abord\u00e9s, notamment autour du temps de travail, sant\u00e9 au travail, pratiques toxiques en management, retraites&#8230;. Un \u00e9change avec l&rsquo;ensemble des bases de France qui tombe \u00e0 point nomm\u00e9 \u00e0 quelques jours des n\u00e9gociations sur le temps de travail.<\/p>\n<!-- \/wp:paragraph --><\/div><\/li>\n<li><a class=\"wp-block-latest-posts__post-title\" href=\"https:\/\/cgtsdis88.fr\/?p=394\">En route pour la tourn\u00e9e des centres 2026!<\/a><div class=\"wp-block-latest-posts__post-full-content\"><!-- wp:paragraph -->\n<p>La tourn\u00e9e des centres Pr\u00e9vue fin 2025 a pris un peu de retard! <\/p>\n<!-- \/wp:paragraph -->\n\n<!-- wp:paragraph -->\n<p>On d\u00e9barque en janvier 2026! Les dates seront disponibles d&rsquo;ici quelques jours&#8230;<\/p>\n<!-- \/wp:paragraph -->\n\n<!-- wp:paragraph -->\n<p>Cliquez <a href=\"https:\/\/cgtsdis88.fr\/?page_id=404\">ICI<\/a> pour poser vos questions!<\/p>\n<!-- \/wp:paragraph -->\n\n<!-- wp:image {\"id\":409,\"sizeSlug\":\"large\",\"linkDestination\":\"none\"} -->\n<figure class=\"wp-block-image size-large\"><img loading=\"lazy\" decoding=\"async\" width=\"683\" height=\"1024\" src=\"https:\/\/cgtsdis88.fr\/wp-content\/uploads\/2025\/10\/tournee-des-centres-2025-1-683x1024.jpg\" alt=\"\" class=\"wp-image-409\" srcset=\"https:\/\/cgtsdis88.fr\/wp-content\/uploads\/2025\/10\/tournee-des-centres-2025-1-683x1024.jpg 683w, https:\/\/cgtsdis88.fr\/wp-content\/uploads\/2025\/10\/tournee-des-centres-2025-1-200x300.jpg 200w, https:\/\/cgtsdis88.fr\/wp-content\/uploads\/2025\/10\/tournee-des-centres-2025-1-768x1152.jpg 768w, https:\/\/cgtsdis88.fr\/wp-content\/uploads\/2025\/10\/tournee-des-centres-2025-1.jpg 1024w\" sizes=\"auto, (max-width: 683px) 100vw, 683px\" \/><\/figure>\n<!-- \/wp:image --><\/div><\/li>\n<li><a class=\"wp-block-latest-posts__post-title\" href=\"https:\/\/cgtsdis88.fr\/?p=352\">Journ\u00e9e d&rsquo;action du 17 Mars 2025<\/a><div class=\"wp-block-latest-posts__post-full-content\"><!-- wp:image {\"id\":353,\"sizeSlug\":\"large\",\"linkDestination\":\"none\"} -->\n<figure class=\"wp-block-image size-large\"><img loading=\"lazy\" decoding=\"async\" width=\"1024\" height=\"575\" src=\"https:\/\/cgtsdis88.fr\/wp-content\/uploads\/2025\/03\/484913425_1167951115343147_6160952511084684717_n-1024x575.jpg\" alt=\"\" class=\"wp-image-353\" srcset=\"https:\/\/cgtsdis88.fr\/wp-content\/uploads\/2025\/03\/484913425_1167951115343147_6160952511084684717_n-1024x575.jpg 1024w, https:\/\/cgtsdis88.fr\/wp-content\/uploads\/2025\/03\/484913425_1167951115343147_6160952511084684717_n-300x168.jpg 300w, https:\/\/cgtsdis88.fr\/wp-content\/uploads\/2025\/03\/484913425_1167951115343147_6160952511084684717_n-768x431.jpg 768w, https:\/\/cgtsdis88.fr\/wp-content\/uploads\/2025\/03\/484913425_1167951115343147_6160952511084684717_n.jpg 1079w\" sizes=\"auto, (max-width: 1024px) 100vw, 1024px\" \/><\/figure>\n<!-- \/wp:image -->\n\n<!-- wp:paragraph -->\n<p>Ce lundi 17 Mars \u00e9tait synonyme de gr\u00e8ve pour les personnels qui ont bien voulu rejoindre le mouvement.<\/p>\n<!-- \/wp:paragraph -->\n\n<!-- wp:paragraph -->\n<p>Des banderoles ont \u00e9t\u00e9 affich\u00e9es \u00e0 plusieurs endroits du d\u00e9partement, et les personnels se sont retrouv\u00e9s \u00e0 la direction d\u00e9partementale entre 13 et 16h.<\/p>\n<!-- \/wp:paragraph -->\n\n<!-- wp:paragraph -->\n<p> La pr\u00e9sence de divers m\u00e9dias comme Vosges t\u00e9l\u00e9vision , ICI, Vosges Matin&#8230; nous a offert une belle visibilit\u00e9. Une conf\u00e9rence de presse a permis aux journalistes d&rsquo;\u00e9couter les r\u00e9ponses du DDSIS et de Pr\u00e9sident du CASDIS qui parlent d&rsquo;elles-memes&#8230;<\/p>\n<!-- \/wp:paragraph --><\/div><\/li>\n<\/ul>","protected":false},"excerpt":{"rendered":"","protected":false},"author":1,"featured_media":0,"parent":0,"menu_order":0,"comment_status":"closed","ping_status":"closed","template":"templates\/template-full-width.php","meta":{"footnotes":""},"class_list":["post-305","page","type-page","status-publish","hentry"],"_links":{"self":[{"href":"https:\/\/cgtsdis88.fr\/index.php?rest_route=\/wp\/v2\/pages\/305","targetHints":{"allow":["GET"]}}],"collection":[{"href":"https:\/\/cgtsdis88.fr\/index.php?rest_route=\/wp\/v2\/pages"}],"about":[{"href":"https:\/\/cgtsdis88.fr\/index.php?rest_route=\/wp\/v2\/types\/page"}],"author":[{"embeddable":true,"href":"https:\/\/cgtsdis88.fr\/index.php?rest_route=\/wp\/v2\/users\/1"}],"replies":[{"embeddable":true,"href":"https:\/\/cgtsdis88.fr\/index.php?rest_route=%2Fwp%2Fv2%2Fcomments&post=305"}],"version-history":[{"count":9,"href":"https:\/\/cgtsdis88.fr\/index.php?rest_route=\/wp\/v2\/pages\/305\/revisions"}],"predecessor-version":[{"id":501,"href":"https:\/\/cgtsdis88.fr\/index.php?rest_route=\/wp\/v2\/pages\/305\/revisions\/501"}],"wp:attachment":[{"href":"https:\/\/cgtsdis88.fr\/index.php?rest_route=%2Fwp%2Fv2%2Fmedia&parent=305"}],"curies":[{"name":"wp","href":"https:\/\/api.w.org\/{rel}","templated":true}]}}