{"id":288,"date":"2025-02-09T18:59:54","date_gmt":"2025-02-09T17:59:54","guid":{"rendered":"https:\/\/cgtsdis88.fr\/?page_id=288"},"modified":"2025-02-11T17:13:41","modified_gmt":"2025-02-11T16:13:41","slug":"pourquoi-rejoindre-la-cgt-des-personnels-du-sdis-des-vosges","status":"publish","type":"page","link":"https:\/\/cgtsdis88.fr\/?page_id=288","title":{"rendered":"Rejoignez nous"},"content":{"rendered":"\n<div class=\"wp-block-group is-nowrap is-layout-flex wp-container-core-group-is-layout-ad2f72ca wp-block-group-is-layout-flex\"><p><iframe loading=\"lazy\" width=\"560\" height=\"315\" src=\"https:\/\/www.youtube.com\/embed\/HoshPRgevcM?si=3vkP6XNtKEzAVRiz\" title=\"YouTube video player\" frameborder=\"0\" allow=\"accelerometer; autoplay; clipboard-write; encrypted-media; gyroscope; picture-in-picture; web-share\" referrerpolicy=\"strict-origin-when-cross-origin\" allowfullscreen><\/iframe><\/p>\n<\/div>\n\n\n\n<div class=\"wp-block-group has-small-font-size\"><div class=\"wp-block-group__inner-container is-layout-constrained wp-block-group-is-layout-constrained\">\n<p class=\"has-large-font-size\">Etre syndiqu\u00e9 c&rsquo;est<\/p>\n\n\n\n<ul style=\"font-style:normal;font-weight:400\" class=\"wp-block-list\">\n<li>B\u00e9n\u00e9ficier d&rsquo;une protection juridique, par exemple en cas d&rsquo;accident ou de conflit avec la hi\u00e9rarchie<\/li>\n\n\n\n<li>Contribuer \u00e0 am\u00e9liorer les conditions de s\u00e9curit\u00e9 au travail.La CGT des agents du SDIS des Vosges agit pour obtenir des \u00e9quipements de protection, des formations ou intervientsur les probl\u00e9matiques des risques li\u00e9s aux interventions.<\/li>\n\n\n\n<li>faire partie d&rsquo;une communaut\u00e9 solidaire. Les adh\u00e9rents peuvent compter sur le soutien de leurs coll\u00e8gues et de leurs repr\u00e9sentants, qu&rsquo;il s&rsquo;agisse de conseils, de ressources ou de soutien moral.<\/li>\n<\/ul>\n<\/div><\/div>\n\n\n\n<div class=\"wp-block-group has-small-font-size is-content-justification-center is-nowrap is-layout-flex wp-container-core-group-is-layout-94bc23d7 wp-block-group-is-layout-flex\">\n<div class=\"wp-block-buttons is-layout-flex wp-block-buttons-is-layout-flex\">\n<div class=\"wp-block-button has-custom-width wp-block-button__width-100 is-style-outline is-style-outline--1\"><a class=\"wp-block-button__link has-background-color has-text-color has-background has-link-color has-text-align-center wp-element-button\" href=\"https:\/\/cgtsdis88.fr\/?page_id=218\" style=\"background-color:#ff0000\">Je rejoins la cgt !<\/a><\/div>\n<\/div>\n<\/div>\n","protected":false},"excerpt":{"rendered":"<p>Etre syndiqu\u00e9 c&rsquo;est<\/p>\n","protected":false},"author":1,"featured_media":0,"parent":0,"menu_order":0,"comment_status":"closed","ping_status":"closed","template":"","meta":{"footnotes":""},"class_list":["post-288","page","type-page","status-publish","hentry"],"_links":{"self":[{"href":"https:\/\/cgtsdis88.fr\/index.php?rest_route=\/wp\/v2\/pages\/288","targetHints":{"allow":["GET"]}}],"collection":[{"href":"https:\/\/cgtsdis88.fr\/index.php?rest_route=\/wp\/v2\/pages"}],"about":[{"href":"https:\/\/cgtsdis88.fr\/index.php?rest_route=\/wp\/v2\/types\/page"}],"author":[{"embeddable":true,"href":"https:\/\/cgtsdis88.fr\/index.php?rest_route=\/wp\/v2\/users\/1"}],"replies":[{"embeddable":true,"href":"https:\/\/cgtsdis88.fr\/index.php?rest_route=%2Fwp%2Fv2%2Fcomments&post=288"}],"version-history":[{"count":5,"href":"https:\/\/cgtsdis88.fr\/index.php?rest_route=\/wp\/v2\/pages\/288\/revisions"}],"predecessor-version":[{"id":325,"href":"https:\/\/cgtsdis88.fr\/index.php?rest_route=\/wp\/v2\/pages\/288\/revisions\/325"}],"wp:attachment":[{"href":"https:\/\/cgtsdis88.fr\/index.php?rest_route=%2Fwp%2Fv2%2Fmedia&parent=288"}],"curies":[{"name":"wp","href":"https:\/\/api.w.org\/{rel}","templated":true}]}}